{"id":908,"date":"2024-06-26T15:26:25","date_gmt":"2024-06-26T14:26:25","guid":{"rendered":"https:\/\/mc-jesenice.si\/?page_id=908"},"modified":"2024-09-05T05:20:26","modified_gmt":"2024-09-05T04:20:26","slug":"about","status":"publish","type":"page","link":"https:\/\/mc-jesenice.si\/?page_id=908","title":{"rendered":"O nas"},"content":{"rendered":"\n<div class=\"wp-block-uagb-container uagb-layout-flex uagb-block-93bb43df alignfull uagb-is-root-container\"><div class=\"uagb-container-inner-blocks-wrap\">\n<div class=\"wp-block-uagb-advanced-heading uagb-block-60b4616a\"><h1 class=\"uagb-heading-text\">O nas<\/h1><\/div>\n<\/div><\/div>\n\n\n\n<div class=\"wp-block-uagb-container uagb-block-59ed2e60 alignfull uagb-is-root-container\"><div class=\"uagb-container-inner-blocks-wrap\">\n<div class=\"wp-block-uagb-image uagb-block-8fc1c030 wp-block-uagb-image--layout-default wp-block-uagb-image--effect-static wp-block-uagb-image--align-none\"><figure class=\"wp-block-uagb-image__figure\"><img decoding=\"async\" srcset=\"https:\/\/mc-jesenice.si\/wp-content\/uploads\/2024\/06\/cropped-glava2016-c2-480x116-g1.png ,https:\/\/mc-jesenice.si\/wp-content\/uploads\/2024\/06\/cropped-glava2016-c2-480x116-g1.png 780w, https:\/\/mc-jesenice.si\/wp-content\/uploads\/2024\/06\/cropped-glava2016-c2-480x116-g1.png 360w\" sizes=\"auto, (max-width: 480px) 150px\" src=\"https:\/\/mc-jesenice.si\/wp-content\/uploads\/2024\/06\/cropped-glava2016-c2-480x116-g1.png\" alt=\"\" class=\"uag-image-1399\" width=\"401\" height=\"116\" title=\"cropped-glava2016-c2-480x116-g1.png\" loading=\"lazy\" role=\"img\"\/><\/figure><\/div>\n<\/div><\/div>\n\n\n\n<div class=\"wp-block-uagb-container uagb-block-e65fdd54 alignfull uagb-is-root-container\"><div class=\"uagb-container-inner-blocks-wrap\">\n<div class=\"wp-block-uagb-container uagb-block-68fd96de\">\n<div class=\"wp-block-uagb-advanced-heading uagb-block-46b2d8e5\"><h2 class=\"uagb-heading-text\">Osnovni podatki<\/h2><\/div>\n\n\n\n<p style=\"margin-top:0;margin-right:0;margin-bottom:0;margin-left:0\"><strong>Kontakti<\/strong>:<\/p>\n\n\n\n<ul style=\"margin-top:0;margin-right:0;margin-bottom:0;margin-left:0\" class=\"wp-block-list\">\n<li>tel: 04 5884 681, mail:&nbsp;<a href=\"mailto:mcj-info@siol.net\">mcj-info@siol.net<\/a><\/li>\n\n\n\n<li>tel: 04 5884 680, mail:&nbsp;<a href=\"mailto:mcj@siol.net\">mcj@siol.net<\/a><\/li>\n<\/ul>\n\n\n\n<p style=\"margin-top:0;margin-right:0;margin-bottom:0;margin-left:0\"><strong>Uradni naslov:&nbsp;<\/strong><\/p>\n\n\n\n<p style=\"margin-top:0;margin-right:0;margin-bottom:0;margin-left:0;padding-top:0;padding-right:0;padding-bottom:0;padding-left:0\">Zavod za \u0161port Jesenice \u2013 OE Mladinski center Jesenice, Ledarska 4, 4270 Jesenice<\/p>\n\n\n\n<p style=\"margin-top:0;margin-right:0;margin-bottom:0;margin-left:0\"><strong>Lokacija delovanja:&nbsp;<\/strong><\/p>\n\n\n\n<p style=\"margin-top:0;margin-right:0;margin-bottom:0;margin-left:0\"><a href=\"http:\/\/goo.gl\/ye99Ww\">Ulica Viktorja Kej\u017earja 22, Jesenice<\/a><\/p>\n<\/div>\n\n\n\n<figure class=\"wp-block-embed is-type-video is-provider-youtube wp-block-embed-youtube wp-embed-aspect-16-9 wp-has-aspect-ratio\"><div class=\"wp-block-embed__wrapper\">\n<iframe loading=\"lazy\" title=\"Predstavitveni video Mladinskega centra Jesenice\" width=\"500\" height=\"281\" src=\"https:\/\/www.youtube.com\/embed\/GtvkLQlKPFU?start=1&#038;feature=oembed\" frameborder=\"0\" allow=\"accelerometer; autoplay; clipboard-write; encrypted-media; gyroscope; picture-in-picture; web-share\" referrerpolicy=\"strict-origin-when-cross-origin\" allowfullscreen><\/iframe>\n<\/div><figcaption class=\"wp-element-caption\">Predstavitveni video Mladinskega centra Jesenice<\/figcaption><\/figure>\n<\/div><\/div>\n\n\n\n<div class=\"wp-block-uagb-advanced-heading uagb-block-ada7c004\"><h2 class=\"uagb-heading-text\">O Mladinskem centru Jesenice<\/h2><\/div>\n\n\n\n<p class=\"has-white-background-color has-background\"><strong>Mladinski center Jesenice je notranja organizacijska enota Zavoda za \u0161port Jesenice (Z\u0160J)<\/strong>, ustanovljena leta 2005. Zavod je s tem za\u010del delovati na podro\u010dju organiziranja in izvajanja mladinske dejavnosti v ob\u010dini Jesenice in upravlja z objekti za mladinsko dejavnost, ki so mu dani v upravljanje. V Mladinskem centru Jesenice (MCJ) sledimo smernicam Urada RS za mladino, skladno z infrastrukturnimi, kadrovskimi in finan\u010dnimi pogoji, upo\u0161tevajo\u010d zna\u010dilnosti lokalnega okolja, iniciative mladih, neformalnih skupin mladih, mladinskih organizaciji\u2026<\/p>\n\n\n\n<p class=\"has-white-background-color has-background\">MCJ s svojim delovanjem ustvarja mo\u017enosti povezovanja in zdru\u017eevanja mladih, vzpodbuja ustvarjalnosti mladih ter zagotavlja osnovne pogoje za razvoj, uresni\u010ditev in uveljavitev idej in interesov mladih.<\/p>\n\n\n\n<p class=\"has-white-background-color has-background\"><strong>Ciljne skupine<\/strong><br>Na\u0161a primarna ciljna skupina so mladi med 14. in 29. letom.<br>Nekatere programske vsebine namenjamo osnovno\u0161olcem in pred\u0161olskim otrokom, le te pa v veliki ve\u010dini pripravljamo in izvajamo z aktivno vklju\u010denostjo mladih nad 15 let.<br>Na kar precej dogodkov z veseljem povabimo vse ob\u010dane, saj \u017eelimo dejavnosti mladih predstaviti kar naj\u0161ir\u0161emu krogu zainteresiranih ter spodbuditi medgeneracijska sre\u010danja in sodelovanje.<\/p>\n\n\n\n<p class=\"has-white-background-color has-background\"><strong>Program MCJ spodbuja in omogo\u010da:<\/strong><\/p>\n\n\n\n<ul class=\"wp-block-list has-white-background-color has-background\">\n<li>aktivno in ustvarjalno pre\u017eivljanje prostega \u010dasa otrok in mladih,<\/li>\n\n\n\n<li>socialno vklju\u010denost in medkulturni dialog,<\/li>\n\n\n\n<li>neformalno u\u010denje na razli\u010dnih interesnih podro\u010djih mladih,<\/li>\n\n\n\n<li>inovativnost in kreativnost mladih,<\/li>\n\n\n\n<li>aktivno dr\u017eavljanstvo in prostovoljstvo mladih,<\/li>\n\n\n\n<li>usposabljanje mladih za mladinsko delo,<\/li>\n\n\n\n<li>participacijo v demokrati\u010dnih procesih,<\/li>\n\n\n\n<li>mobilnost in mednarodno mladinsko delo,<\/li>\n\n\n\n<li>raziskovalno delo mladih.<\/li>\n<\/ul>\n\n\n\n<p class=\"has-white-background-color has-background\"><strong>Na podro\u010dju mladinske dejavnosti MCJ organizira in izvaja naslednje dejavnosti:<\/strong><\/p>\n\n\n\n<ul class=\"wp-block-list has-white-background-color has-background\">\n<li>omogo\u010danje dnevnega aktivnega dru\u017eenja mladih ter periodi\u010dnih vodenih dejavnosti za osnovno\u0161olce z namenom kvalitetnega pre\u017eivljanja prostega \u010dasa ter socializacije,<\/li>\n\n\n\n<li>organiziranje razpr\u0161ene mre\u017ee po\u010ditni\u0161kih dogajanj za otroke in mladino na razli\u010dnih lokacijah za omogo\u010danje aktivnega in ustvarjalnega pre\u017eivljanja po\u010ditnic,<\/li>\n\n\n\n<li>zbiranje in posredovanje informacij za mlade z razli\u010dnih interesnih podro\u010dij mladih ter svetovanje mladim,<\/li>\n\n\n\n<li>organiziranje preventivnih programov za mlade s podro\u010dja prepre\u010devanja razli\u010dnih zasvojenosti in tveganih vedenj mladih,<\/li>\n\n\n\n<li>organiziranje in izvajanje neformalnega izobra\u017eevanja za mlade, omogo\u010danje inovativnosti in kulturne ustvarjalnosti mladih,<\/li>\n\n\n\n<li>spodbujanje in omogo\u010danje aktivnega vklju\u010devanja mladih v programsko shemo centra ter s tem omogo\u010danje aktivnega dr\u017eavljanstva in prostovoljstva mladih v dru\u017ebi,<\/li>\n\n\n\n<li>spodbujanje in podpiranje mladinskih iniciativ ter omogo\u010danje pridobivanja kompetenc in znanj s podro\u010dja mladinskega dela,<\/li>\n\n\n\n<li>spodbujanje in podpora participacije mladih v demokrati\u010dnih procesih,<\/li>\n\n\n\n<li>spodbujanje mobilnosti mladih, spodbujanje in omogo\u010danje vklju\u010devanja mladih v mednarodne programe,<\/li>\n\n\n\n<li>sodelovanje z organizacijami mladinskega sektorja na lokalnem nivoju, mo\u017ena strokovna podpora in koordiniranje projektov v skupnem interesu,<\/li>\n\n\n\n<li>zagotavljanje prostorske, tehni\u010dne, strokovne in druge podpore posameznikom, neformalnim skupinam mladih in mladinskim organizacijam pri njihovih iniciativah s podro\u010dij mladinskega dela, skladno s tehni\u010dnimi, kadrovskimi in finan\u010dnimi zmo\u017enostmi,<\/li>\n\n\n\n<li>sodelovanje z vzgojno-izobra\u017eevalnimi organizacijami, dru\u0161tvi, klubi, drugimi institucijami in posamezniki na podro\u010dju dela z mladimi in za mlade, izvajanje organizacijske in tehni\u010dne pomo\u010di ter koordiniranje skupnih projektov,<\/li>\n\n\n\n<li>sodelovanje z nacionalnimi organizacijami mladinskega sektorja,<\/li>\n\n\n\n<li>spodbujanje in organiziranje stikov s sorodnimi organizacijami v tujini, predvsem z zamejskimi,<\/li>\n\n\n\n<li>spremljanje in analiza interesov in potreb mladih, pripravljanje in izvajanje letnih izvedbenih na\u010drtov, zbiranje podatkov dejavnosti za potrebe razpisov in posredovanje za potrebe informatike na podro\u010dju mladih,<\/li>\n\n\n\n<li>informiranje lokalne skupnosti in \u0161ir\u0161e javnosti o programu in dejavnostih Mladinskega centra Jesenice ter seznanjanje z aktualnimi dogajanji s podro\u010dja mladine na lokalnem in nacionalnem nivoju ter zagotavljanje ustrezne medijske pokritosti dejavnosti,<\/li>\n\n\n\n<li>dajanje pobud in predlogov ustanovitelju za izbolj\u0161anje stanja na podro\u010dju mladih.<\/li>\n<\/ul>\n\n\n\n<p class=\"has-white-background-color has-background\">Poleg tega program vsebuje tudi informiranje in svetovanje za mlade, razli\u010dne informativno &#8211; preventivne aktivnosti za mlade, razli\u010dne prireditve za otroke in star\u0161e, izobra\u017eevalne dejavnosti za star\u0161e, posvete, okrogle mize\u2026<\/p>\n\n\n\n<div class=\"wp-block-uagb-separator uagb-block-92e020b7\"><div class=\"wp-block-uagb-separator__inner\" style=\"--my-background-image:\"><\/div><\/div>\n\n\n\n<p><\/p>\n","protected":false},"excerpt":{"rendered":"<p>O nas Osnovni podatki Kontakti: Uradni naslov:&nbsp; Zavod za \u0161port Jesenice \u2013 OE Mladinski center Jesenice, Ledarska 4, 4270 Jesenice [&hellip;]<\/p>\n","protected":false},"author":1,"featured_media":0,"parent":0,"menu_order":0,"comment_status":"closed","ping_status":"closed","template":"","meta":{"_uag_custom_page_level_css":"","site-sidebar-layout":"no-sidebar","site-content-layout":"plain-container","ast-site-content-layout":"normal-width-container","site-content-style":"unboxed","site-sidebar-style":"unboxed","ast-global-header-display":"","ast-banner-title-visibility":"","ast-main-header-display":"","ast-hfb-above-header-display":"","ast-hfb-below-header-display":"","ast-hfb-mobile-header-display":"","site-post-title":"disabled","ast-breadcrumbs-content":"","ast-featured-img":"disabled","footer-sml-layout":"","ast-disable-related-posts":"","theme-transparent-header-meta":"enabled","adv-header-id-meta":"","stick-header-meta":"","header-above-stick-meta":"","header-main-stick-meta":"","header-below-stick-meta":"","astra-migrate-meta-layouts":"set","ast-page-background-enabled":"default","ast-page-background-meta":{"desktop":{"background-color":"","background-image":"","background-repeat":"repeat","background-position":"center center","background-size":"auto","background-attachment":"scroll","background-type":"","background-media":"","overlay-type":"","overlay-color":"","overlay-opacity":"","overlay-gradient":""},"tablet":{"background-color":"","background-image":"","background-repeat":"repeat","background-position":"center center","background-size":"auto","background-attachment":"scroll","background-type":"","background-media":"","overlay-type":"","overlay-color":"","overlay-opacity":"","overlay-gradient":""},"mobile":{"background-color":"","background-image":"","background-repeat":"repeat","background-position":"center center","background-size":"auto","background-attachment":"scroll","background-type":"","background-media":"","overlay-type":"","overlay-color":"","overlay-opacity":"","overlay-gradient":""}},"ast-content-background-meta":{"desktop":{"background-color":"var(--ast-global-color-4)","background-image":"","background-repeat":"repeat","background-position":"center center","background-size":"auto","background-attachment":"scroll","background-type":"","background-media":"","overlay-type":"","overlay-color":"","overlay-opacity":"","overlay-gradient":""},"tablet":{"background-color":"var(--ast-global-color-4)","background-image":"","background-repeat":"repeat","background-position":"center center","background-size":"auto","background-attachment":"scroll","background-type":"","background-media":"","overlay-type":"","overlay-color":"","overlay-opacity":"","overlay-gradient":""},"mobile":{"background-color":"var(--ast-global-color-4)","background-image":"","background-repeat":"repeat","background-position":"center center","background-size":"auto","background-attachment":"scroll","background-type":"","background-media":"","overlay-type":"","overlay-color":"","overlay-opacity":"","overlay-gradient":""}},"footnotes":""},"class_list":["post-908","page","type-page","status-publish","hentry"],"uagb_featured_image_src":{"full":false,"thumbnail":false,"medium":false,"medium_large":false,"large":false,"1536x1536":false,"2048x2048":false,"ultp_layout_landscape_large":false,"ultp_layout_landscape":false,"ultp_layout_portrait":false,"ultp_layout_square":false},"uagb_author_info":{"display_name":"MCJ","author_link":"https:\/\/mc-jesenice.si\/?author=1"},"uagb_comment_info":0,"uagb_excerpt":"O nas Osnovni podatki Kontakti: Uradni naslov:&nbsp; Zavod za \u0161port Jesenice \u2013 OE Mladinski center Jesenice, Ledarska 4, 4270 Jesenice [&hellip;]","_links":{"self":[{"href":"https:\/\/mc-jesenice.si\/index.php?rest_route=\/wp\/v2\/pages\/908","targetHints":{"allow":["GET"]}}],"collection":[{"href":"https:\/\/mc-jesenice.si\/index.php?rest_route=\/wp\/v2\/pages"}],"about":[{"href":"https:\/\/mc-jesenice.si\/index.php?rest_route=\/wp\/v2\/types\/page"}],"author":[{"embeddable":true,"href":"https:\/\/mc-jesenice.si\/index.php?rest_route=\/wp\/v2\/users\/1"}],"replies":[{"embeddable":true,"href":"https:\/\/mc-jesenice.si\/index.php?rest_route=%2Fwp%2Fv2%2Fcomments&post=908"}],"version-history":[{"count":17,"href":"https:\/\/mc-jesenice.si\/index.php?rest_route=\/wp\/v2\/pages\/908\/revisions"}],"predecessor-version":[{"id":1631,"href":"https:\/\/mc-jesenice.si\/index.php?rest_route=\/wp\/v2\/pages\/908\/revisions\/1631"}],"wp:attachment":[{"href":"https:\/\/mc-jesenice.si\/index.php?rest_route=%2Fwp%2Fv2%2Fmedia&parent=908"}],"curies":[{"name":"wp","href":"https:\/\/api.w.org\/{rel}","templated":true}]}}