{"id":906,"date":"2024-06-26T15:26:25","date_gmt":"2024-06-26T14:26:25","guid":{"rendered":"https:\/\/mc-jesenice.si\/?page_id=906"},"modified":"2026-03-22T12:49:48","modified_gmt":"2026-03-22T11:49:48","slug":"home","status":"publish","type":"page","link":"https:\/\/mc-jesenice.si\/","title":{"rendered":"Domov"},"content":{"rendered":"\n<div class=\"wp-block-uagb-container uag-blocks-common-selector uagb-layout-flex uagb-block-35bb6b1c alignfull uagb-is-root-container\"><div class=\"uagb-container-inner-blocks-wrap\">\n<div class=\"wp-block-ultimate-post-post-grid-parent ultp-post-grid-parent\" data-postid=\"906\" data-grids=\"[]\" data-pagi=\"[]\"><\/div>\n\n\n\n<div style=\"min-height: 50px;\"><\/div>\n\n\n\n<div class=\"wp-block-uagb-advanced-heading uagb-block-e266d783\"><h2 class=\"uagb-heading-text\">#najdogodki<\/h2><\/div>\n\n\n\n\t\t\t<div class=\"wp-block-uagb-post-carousel uagb-post-grid  uagb-post__image-position-top uagb-post__image-enabled uagb-block-7af538c8     uagb-post__arrow-outside uagb-slick-carousel uagb-post__items uagb-post__columns-3 is-carousel uagb-post__columns-tablet-2 uagb-post__columns-mobile-1 uagb-post__carousel_equal-height\" data-total=\"13\" style=\"\">\n\n\t\t\t\t\t\t\t\t\t\t\t\t<article class=\"uagb-post__inner-wrap\">\t\t\t\t\t\t\t\t<div class='uagb-post__image'>\n\t\t\t\t\t\t\t\t\t<a href=\"https:\/\/mc-jesenice.si\/?p=2032\" target=\"_self\" rel=\"bookmark noopener noreferrer\"><img loading=\"lazy\" decoding=\"async\" width=\"819\" height=\"1024\" src=\"https:\/\/mc-jesenice.si\/wp-content\/uploads\/2026\/04\/Prvomajske-pocitnice-2025-819x1024.png\" class=\"attachment-large size-large\" alt=\"\" srcset=\"https:\/\/mc-jesenice.si\/wp-content\/uploads\/2026\/04\/Prvomajske-pocitnice-2025-819x1024.png 819w, https:\/\/mc-jesenice.si\/wp-content\/uploads\/2026\/04\/Prvomajske-pocitnice-2025-240x300.png 240w, https:\/\/mc-jesenice.si\/wp-content\/uploads\/2026\/04\/Prvomajske-pocitnice-2025-768x960.png 768w, https:\/\/mc-jesenice.si\/wp-content\/uploads\/2026\/04\/Prvomajske-pocitnice-2025.png 1080w\" sizes=\"auto, (max-width: 819px) 100vw, 819px\" \/>\t\t\t\t\t<\/a>\n\t\t\t\t\t\t\t\t\t<\/div>\n\t\t\t\t\t\t<h4 class=\"uagb-post__title uagb-post__text\">\n\t\t\t\t<a href=\"https:\/\/mc-jesenice.si\/?p=2032\" target=\"_self\" rel=\"bookmark noopener noreferrer\">Prvomajske po\u010ditnice<\/a>\n\t\t\t<\/h4>\n\t\t\t\t\t\t<div class='uagb-post__text uagb-post-grid-byline'>\n\t\t\t\t\t\t\t\t<span class=\"uagb-post__author\">\n\t\t\t\t\t\t\t\t\t<a href=\"https:\/\/mc-jesenice.si\/?author=2\" title=\"Prispevki od mc_jesenice\" rel=\"author\">mc_jesenice<\/a>\t\t\t\t<\/span>\n\t\t\t\t\t\t\t<time datetime=\"2026-04-22T09:35:50+01:00\" class=\"uagb-post__date\">\n\t\t\t\t\t\t\t\t\t22. aprila, 2026\t\t\t\t<\/time>\n\t\t\t\t\t\t<\/div>\n\t\t\t\t\t\t\t<div class='uagb-post__text uagb-post__excerpt'>\n\t\t\t\t\t<p>30. 4. in 1. 5. 2026 v prostorih Mladinskega centra Jesenice, Kej\u017earjeva 22<\/p>\n\t\t\t\t<\/div>\n\t\t\t\t\t\t<div class=\"uagb-post__text uagb-post__cta wp-block-button\">\n\t\t\t\t<a class=\"wp-block-button__link uagb-text-link\" style=\"\" href=\"https:\/\/mc-jesenice.si\/?p=2032\" target=\"_self\" rel=\"bookmark noopener noreferrer\">Preberi ve\u010d<\/a>\n\t\t\t<\/div>\n\t\t\t\n\t\t\t\t\t\t\t\t\t<\/article>\n\t\t\t\t\t\t\t\t\t\t\t\t\t\t\t\t<article class=\"uagb-post__inner-wrap\">\t\t\t\t\t\t\t\t<div class='uagb-post__image'>\n\t\t\t\t\t\t\t\t\t<a href=\"https:\/\/mc-jesenice.si\/?p=2027\" target=\"_self\" rel=\"bookmark noopener noreferrer\"><img loading=\"lazy\" decoding=\"async\" width=\"1024\" height=\"683\" src=\"https:\/\/mc-jesenice.si\/wp-content\/uploads\/2026\/04\/2026-03-16-foto-Nik-Bertoncelj-Kviz_049-1024x683.jpg\" class=\"attachment-large size-large\" alt=\"\" srcset=\"https:\/\/mc-jesenice.si\/wp-content\/uploads\/2026\/04\/2026-03-16-foto-Nik-Bertoncelj-Kviz_049-1024x683.jpg 1024w, https:\/\/mc-jesenice.si\/wp-content\/uploads\/2026\/04\/2026-03-16-foto-Nik-Bertoncelj-Kviz_049-300x200.jpg 300w, https:\/\/mc-jesenice.si\/wp-content\/uploads\/2026\/04\/2026-03-16-foto-Nik-Bertoncelj-Kviz_049-768x512.jpg 768w, https:\/\/mc-jesenice.si\/wp-content\/uploads\/2026\/04\/2026-03-16-foto-Nik-Bertoncelj-Kviz_049-1536x1024.jpg 1536w, https:\/\/mc-jesenice.si\/wp-content\/uploads\/2026\/04\/2026-03-16-foto-Nik-Bertoncelj-Kviz_049-2048x1365.jpg 2048w, https:\/\/mc-jesenice.si\/wp-content\/uploads\/2026\/04\/2026-03-16-foto-Nik-Bertoncelj-Kviz_049-1200x800.jpg 1200w\" sizes=\"auto, (max-width: 1024px) 100vw, 1024px\" \/>\t\t\t\t\t<\/a>\n\t\t\t\t\t\t\t\t\t<\/div>\n\t\t\t\t\t\t<h4 class=\"uagb-post__title uagb-post__text\">\n\t\t\t\t<a href=\"https:\/\/mc-jesenice.si\/?p=2027\" target=\"_self\" rel=\"bookmark noopener noreferrer\">Razstava fotografij : Kviz &#8211; zgodovina mesta Jesenic<\/a>\n\t\t\t<\/h4>\n\t\t\t\t\t\t<div class='uagb-post__text uagb-post-grid-byline'>\n\t\t\t\t\t\t\t\t<span class=\"uagb-post__author\">\n\t\t\t\t\t\t\t\t\t<a href=\"https:\/\/mc-jesenice.si\/?author=2\" title=\"Prispevki od mc_jesenice\" rel=\"author\">mc_jesenice<\/a>\t\t\t\t<\/span>\n\t\t\t\t\t\t\t<time datetime=\"2026-04-20T08:14:22+01:00\" class=\"uagb-post__date\">\n\t\t\t\t\t\t\t\t\t20. aprila, 2026\t\t\t\t<\/time>\n\t\t\t\t\t\t<\/div>\n\t\t\t\t\t\t\t<div class='uagb-post__text uagb-post__excerpt'>\n\t\t\t\t\t<p>dvorana Mladinskega centra Jesenice, Ulica Viktorja Kej\u017earja 22, Jesenice Vabljeni na ogled razstave fotografij \u00bbKviz &#8211; zgodovina mesta Jesenic\u00ab, kjer si lahko ogledate fotografije iz finalnega ob\u010dinskega tekmovanja mladih, ki&#8230;\t\t\t\t<\/div>\n\t\t\t\t\t\t<div class=\"uagb-post__text uagb-post__cta wp-block-button\">\n\t\t\t\t<a class=\"wp-block-button__link uagb-text-link\" style=\"\" href=\"https:\/\/mc-jesenice.si\/?p=2027\" target=\"_self\" rel=\"bookmark noopener noreferrer\">Preberi ve\u010d<\/a>\n\t\t\t<\/div>\n\t\t\t\n\t\t\t\t\t\t\t\t\t<\/article>\n\t\t\t\t\t\t\t\t\t\t\t\t\t\t\t\t<article class=\"uagb-post__inner-wrap\">\t\t\t\t\t\t\t\t<div class='uagb-post__image'>\n\t\t\t\t\t\t\t\t\t<a href=\"https:\/\/mc-jesenice.si\/?p=2022\" target=\"_self\" rel=\"bookmark noopener noreferrer\"><img loading=\"lazy\" decoding=\"async\" width=\"1024\" height=\"576\" src=\"https:\/\/mc-jesenice.si\/wp-content\/uploads\/2026\/03\/Banner-1024x576.png\" class=\"attachment-large size-large\" alt=\"\" srcset=\"https:\/\/mc-jesenice.si\/wp-content\/uploads\/2026\/03\/Banner-1024x576.png 1024w, https:\/\/mc-jesenice.si\/wp-content\/uploads\/2026\/03\/Banner-300x169.png 300w, https:\/\/mc-jesenice.si\/wp-content\/uploads\/2026\/03\/Banner-768x432.png 768w, https:\/\/mc-jesenice.si\/wp-content\/uploads\/2026\/03\/Banner-1536x864.png 1536w, https:\/\/mc-jesenice.si\/wp-content\/uploads\/2026\/03\/Banner.png 1920w\" sizes=\"auto, (max-width: 1024px) 100vw, 1024px\" \/>\t\t\t\t\t<\/a>\n\t\t\t\t\t\t\t\t\t<\/div>\n\t\t\t\t\t\t<h4 class=\"uagb-post__title uagb-post__text\">\n\t\t\t\t<a href=\"https:\/\/mc-jesenice.si\/?p=2022\" target=\"_self\" rel=\"bookmark noopener noreferrer\">Razstava fotografij : 8. marec &#8211; Mednarodni dan \u017eensk &#8211; uli\u010dna akcija<\/a>\n\t\t\t<\/h4>\n\t\t\t\t\t\t<div class='uagb-post__text uagb-post-grid-byline'>\n\t\t\t\t\t\t\t\t<span class=\"uagb-post__author\">\n\t\t\t\t\t\t\t\t\t<a href=\"https:\/\/mc-jesenice.si\/?author=2\" title=\"Prispevki od mc_jesenice\" rel=\"author\">mc_jesenice<\/a>\t\t\t\t<\/span>\n\t\t\t\t\t\t\t<time datetime=\"2026-03-25T11:32:45+01:00\" class=\"uagb-post__date\">\n\t\t\t\t\t\t\t\t\t25. marca, 2026\t\t\t\t<\/time>\n\t\t\t\t\t\t<\/div>\n\t\t\t\t\t\t\t<div class='uagb-post__text uagb-post__excerpt'>\n\t\t\t\t\t<p>dvorana Mladinskega centra Jesenice, Ulica Viktorja Kej\u017earja 22, Jesenice Vabljeni na ogled razstave fotografij \u00bb8. marec &#8211; Mednarodni dan \u017eensk\u00ab, kjer si lahko ogledate fotografije na\u0161e uli\u010dne akcije, kjer so&#8230;\t\t\t\t<\/div>\n\t\t\t\t\t\t<div class=\"uagb-post__text uagb-post__cta wp-block-button\">\n\t\t\t\t<a class=\"wp-block-button__link uagb-text-link\" style=\"\" href=\"https:\/\/mc-jesenice.si\/?p=2022\" target=\"_self\" rel=\"bookmark noopener noreferrer\">Preberi ve\u010d<\/a>\n\t\t\t<\/div>\n\t\t\t\n\t\t\t\t\t\t\t\t\t<\/article>\n\t\t\t\t\t\t\t\t\t\t\t\t\t\t\t\t<article class=\"uagb-post__inner-wrap\">\t\t\t\t\t\t\t\t<div class='uagb-post__image'>\n\t\t\t\t\t\t\t\t\t<a href=\"https:\/\/mc-jesenice.si\/?p=2019\" target=\"_self\" rel=\"bookmark noopener noreferrer\"><img loading=\"lazy\" decoding=\"async\" width=\"1024\" height=\"512\" src=\"https:\/\/mc-jesenice.si\/wp-content\/uploads\/2026\/03\/Najava-za-spletno-stran-1024x512.png\" class=\"attachment-large size-large\" alt=\"\" srcset=\"https:\/\/mc-jesenice.si\/wp-content\/uploads\/2026\/03\/Najava-za-spletno-stran-1024x512.png 1024w, https:\/\/mc-jesenice.si\/wp-content\/uploads\/2026\/03\/Najava-za-spletno-stran-300x150.png 300w, https:\/\/mc-jesenice.si\/wp-content\/uploads\/2026\/03\/Najava-za-spletno-stran-768x384.png 768w, https:\/\/mc-jesenice.si\/wp-content\/uploads\/2026\/03\/Najava-za-spletno-stran-1536x768.png 1536w, https:\/\/mc-jesenice.si\/wp-content\/uploads\/2026\/03\/Najava-za-spletno-stran-2048x1024.png 2048w\" sizes=\"auto, (max-width: 1024px) 100vw, 1024px\" \/>\t\t\t\t\t<\/a>\n\t\t\t\t\t\t\t\t\t<\/div>\n\t\t\t\t\t\t<h4 class=\"uagb-post__title uagb-post__text\">\n\t\t\t\t<a href=\"https:\/\/mc-jesenice.si\/?p=2019\" target=\"_self\" rel=\"bookmark noopener noreferrer\">Kulturna mavrica Jesenic 2026<\/a>\n\t\t\t<\/h4>\n\t\t\t\t\t\t<div class='uagb-post__text uagb-post-grid-byline'>\n\t\t\t\t\t\t\t\t<span class=\"uagb-post__author\">\n\t\t\t\t\t\t\t\t\t<a href=\"https:\/\/mc-jesenice.si\/?author=2\" title=\"Prispevki od mc_jesenice\" rel=\"author\">mc_jesenice<\/a>\t\t\t\t<\/span>\n\t\t\t\t\t\t\t<time datetime=\"2026-03-25T10:02:27+01:00\" class=\"uagb-post__date\">\n\t\t\t\t\t\t\t\t\t25. marca, 2026\t\t\t\t<\/time>\n\t\t\t\t\t\t<\/div>\n\t\t\t\t\t\t\t<div class='uagb-post__text uagb-post__excerpt'>\n\t\t\t\t\t<p>sobota, 6. junij 2026, ob 19.00 uri, pokriti prireditveni prostor, Muzej na prostem, Stara Sava, Jesenice. S pri\u010detkom ob 19. uri se bodo na odru predstavile skupine iz doma\u010dih dru\u0161tev:&#8230;\t\t\t\t<\/div>\n\t\t\t\t\t\t<div class=\"uagb-post__text uagb-post__cta wp-block-button\">\n\t\t\t\t<a class=\"wp-block-button__link uagb-text-link\" style=\"\" href=\"https:\/\/mc-jesenice.si\/?p=2019\" target=\"_self\" rel=\"bookmark noopener noreferrer\">Preberi ve\u010d<\/a>\n\t\t\t<\/div>\n\t\t\t\n\t\t\t\t\t\t\t\t\t<\/article>\n\t\t\t\t\t\t\t\t\t\t\t\t\t\t\t\t<article class=\"uagb-post__inner-wrap\">\t\t\t\t\t\t\t\t<div class='uagb-post__image'>\n\t\t\t\t\t\t\t\t\t<a href=\"https:\/\/mc-jesenice.si\/?p=2012\" target=\"_self\" rel=\"bookmark noopener noreferrer\"><img loading=\"lazy\" decoding=\"async\" width=\"1024\" height=\"512\" src=\"https:\/\/mc-jesenice.si\/wp-content\/uploads\/2026\/03\/Banner-materinski-dan-za-www-1024x512.png\" class=\"attachment-large size-large\" alt=\"\" srcset=\"https:\/\/mc-jesenice.si\/wp-content\/uploads\/2026\/03\/Banner-materinski-dan-za-www-1024x512.png 1024w, https:\/\/mc-jesenice.si\/wp-content\/uploads\/2026\/03\/Banner-materinski-dan-za-www-300x150.png 300w, https:\/\/mc-jesenice.si\/wp-content\/uploads\/2026\/03\/Banner-materinski-dan-za-www-768x384.png 768w, https:\/\/mc-jesenice.si\/wp-content\/uploads\/2026\/03\/Banner-materinski-dan-za-www-1536x768.png 1536w, https:\/\/mc-jesenice.si\/wp-content\/uploads\/2026\/03\/Banner-materinski-dan-za-www-2048x1024.png 2048w\" sizes=\"auto, (max-width: 1024px) 100vw, 1024px\" \/>\t\t\t\t\t<\/a>\n\t\t\t\t\t\t\t\t\t<\/div>\n\t\t\t\t\t\t<h4 class=\"uagb-post__title uagb-post__text\">\n\t\t\t\t<a href=\"https:\/\/mc-jesenice.si\/?p=2012\" target=\"_self\" rel=\"bookmark noopener noreferrer\">Materinski dan je neformalen\u00a0praznik\u00a0posve\u010den\u00a0materam.<\/a>\n\t\t\t<\/h4>\n\t\t\t\t\t\t<div class='uagb-post__text uagb-post-grid-byline'>\n\t\t\t\t\t\t\t\t<span class=\"uagb-post__author\">\n\t\t\t\t\t\t\t\t\t<a href=\"https:\/\/mc-jesenice.si\/?author=2\" title=\"Prispevki od mc_jesenice\" rel=\"author\">mc_jesenice<\/a>\t\t\t\t<\/span>\n\t\t\t\t\t\t\t<time datetime=\"2026-03-25T09:24:21+01:00\" class=\"uagb-post__date\">\n\t\t\t\t\t\t\t\t\t25. marca, 2026\t\t\t\t<\/time>\n\t\t\t\t\t\t<\/div>\n\t\t\t\t\t\t\t<div class='uagb-post__text uagb-post__excerpt'>\n\t\t\t\t\t<p>V sodelovanju z mladimi iz Srednje \u0161ole Jesenice, pod strokovnim vodstvom profesorice umetnosti, smo izdelali preko 250 cvetov iz razli\u010dnih materialov. Danes na materinski dan pa bomo z njimi osre\u010dili&#8230;\t\t\t\t<\/div>\n\t\t\t\t\t\t<div class=\"uagb-post__text uagb-post__cta wp-block-button\">\n\t\t\t\t<a class=\"wp-block-button__link uagb-text-link\" style=\"\" href=\"https:\/\/mc-jesenice.si\/?p=2012\" target=\"_self\" rel=\"bookmark noopener noreferrer\">Preberi ve\u010d<\/a>\n\t\t\t<\/div>\n\t\t\t\n\t\t\t\t\t\t\t\t\t<\/article>\n\t\t\t\t\t\t\t\t\t\t\t\t\t\t\t\t<article class=\"uagb-post__inner-wrap\">\t\t\t\t\t\t\t\t<div class='uagb-post__image'>\n\t\t\t\t\t\t\t\t\t<a href=\"https:\/\/mc-jesenice.si\/?p=1993\" target=\"_self\" rel=\"bookmark noopener noreferrer\"><img loading=\"lazy\" decoding=\"async\" width=\"1024\" height=\"683\" src=\"https:\/\/mc-jesenice.si\/wp-content\/uploads\/2026\/03\/2026-03-16-foto-Nik-Bertoncelj-Kviz_049-1024x683.jpg\" class=\"attachment-large size-large\" alt=\"\" srcset=\"https:\/\/mc-jesenice.si\/wp-content\/uploads\/2026\/03\/2026-03-16-foto-Nik-Bertoncelj-Kviz_049-1024x683.jpg 1024w, https:\/\/mc-jesenice.si\/wp-content\/uploads\/2026\/03\/2026-03-16-foto-Nik-Bertoncelj-Kviz_049-300x200.jpg 300w, https:\/\/mc-jesenice.si\/wp-content\/uploads\/2026\/03\/2026-03-16-foto-Nik-Bertoncelj-Kviz_049-768x512.jpg 768w, https:\/\/mc-jesenice.si\/wp-content\/uploads\/2026\/03\/2026-03-16-foto-Nik-Bertoncelj-Kviz_049-1536x1024.jpg 1536w, https:\/\/mc-jesenice.si\/wp-content\/uploads\/2026\/03\/2026-03-16-foto-Nik-Bertoncelj-Kviz_049-2048x1365.jpg 2048w, https:\/\/mc-jesenice.si\/wp-content\/uploads\/2026\/03\/2026-03-16-foto-Nik-Bertoncelj-Kviz_049-1200x800.jpg 1200w\" sizes=\"auto, (max-width: 1024px) 100vw, 1024px\" \/>\t\t\t\t\t<\/a>\n\t\t\t\t\t\t\t\t\t<\/div>\n\t\t\t\t\t\t<h4 class=\"uagb-post__title uagb-post__text\">\n\t\t\t\t<a href=\"https:\/\/mc-jesenice.si\/?p=1993\" target=\"_self\" rel=\"bookmark noopener noreferrer\">KVIZ 2026 &#8211; finalno ob\u010dinsko tekmovanje &#8211; REZULTATI<\/a>\n\t\t\t<\/h4>\n\t\t\t\t\t\t<div class='uagb-post__text uagb-post-grid-byline'>\n\t\t\t\t\t\t\t\t<span class=\"uagb-post__author\">\n\t\t\t\t\t\t\t\t\t<a href=\"https:\/\/mc-jesenice.si\/?author=2\" title=\"Prispevki od mc_jesenice\" rel=\"author\">mc_jesenice<\/a>\t\t\t\t<\/span>\n\t\t\t\t\t\t\t<time datetime=\"2026-03-17T08:43:30+01:00\" class=\"uagb-post__date\">\n\t\t\t\t\t\t\t\t\t17. marca, 2026\t\t\t\t<\/time>\n\t\t\t\t\t\t<\/div>\n\t\t\t\t\t\t\t<div class='uagb-post__text uagb-post__excerpt'>\n\t\t\t\t\t<p>ponedeljek, 16. marec 2026, ob 17h, dvorana Gledali\u0161\u010da Toneta \u010cufarja V ponedeljek, 16. marca 2026, so se v dvorani Gledali\u0161\u010da Toneta \u010cufarja Jesenice ekipe najbolj\u0161ih u\u010dencev in dijakov pomerile na&#8230;\t\t\t\t<\/div>\n\t\t\t\t\t\t<div class=\"uagb-post__text uagb-post__cta wp-block-button\">\n\t\t\t\t<a class=\"wp-block-button__link uagb-text-link\" style=\"\" href=\"https:\/\/mc-jesenice.si\/?p=1993\" target=\"_self\" rel=\"bookmark noopener noreferrer\">Preberi ve\u010d<\/a>\n\t\t\t<\/div>\n\t\t\t\n\t\t\t\t\t\t\t\t\t<\/article>\n\t\t\t\t\t\t\t\t\t\t\t<\/div>\n\t\t\t<\/div><\/div>\n\n\n\n<p><\/p>\n","protected":false},"excerpt":{"rendered":"<p>#najdogodki<\/p>\n","protected":false},"author":1,"featured_media":0,"parent":0,"menu_order":0,"comment_status":"closed","ping_status":"closed","template":"","meta":{"_uag_custom_page_level_css":"","site-sidebar-layout":"left-sidebar","site-content-layout":"plain-container","ast-site-content-layout":"normal-width-container","site-content-style":"unboxed","site-sidebar-style":"unboxed","ast-global-header-display":"","ast-banner-title-visibility":"","ast-main-header-display":"","ast-hfb-above-header-display":"","ast-hfb-below-header-display":"","ast-hfb-mobile-header-display":"","site-post-title":"disabled","ast-breadcrumbs-content":"","ast-featured-img":"","footer-sml-layout":"","ast-disable-related-posts":"","theme-transparent-header-meta":"enabled","adv-header-id-meta":"","stick-header-meta":"","header-above-stick-meta":"","header-main-stick-meta":"","header-below-stick-meta":"","astra-migrate-meta-layouts":"set","ast-page-background-enabled":"default","ast-page-background-meta":{"desktop":{"background-color":"","background-image":"","background-repeat":"repeat","background-position":"center center","background-size":"auto","background-attachment":"scroll","background-type":"","background-media":"","overlay-type":"","overlay-color":"","overlay-opacity":"","overlay-gradient":""},"tablet":{"background-color":"","background-image":"","background-repeat":"repeat","background-position":"center center","background-size":"auto","background-attachment":"scroll","background-type":"","background-media":"","overlay-type":"","overlay-color":"","overlay-opacity":"","overlay-gradient":""},"mobile":{"background-color":"","background-image":"","background-repeat":"repeat","background-position":"center center","background-size":"auto","background-attachment":"scroll","background-type":"","background-media":"","overlay-type":"","overlay-color":"","overlay-opacity":"","overlay-gradient":""}},"ast-content-background-meta":{"desktop":{"background-color":"var(--ast-global-color-4)","background-image":"","background-repeat":"repeat","background-position":"center center","background-size":"auto","background-attachment":"scroll","background-type":"","background-media":"","overlay-type":"","overlay-color":"","overlay-opacity":"","overlay-gradient":""},"tablet":{"background-color":"var(--ast-global-color-4)","background-image":"","background-repeat":"repeat","background-position":"center center","background-size":"auto","background-attachment":"scroll","background-type":"","background-media":"","overlay-type":"","overlay-color":"","overlay-opacity":"","overlay-gradient":""},"mobile":{"background-color":"var(--ast-global-color-4)","background-image":"","background-repeat":"repeat","background-position":"center center","background-size":"auto","background-attachment":"scroll","background-type":"","background-media":"","overlay-type":"","overlay-color":"","overlay-opacity":"","overlay-gradient":""}},"footnotes":""},"class_list":["post-906","page","type-page","status-publish","hentry"],"uagb_featured_image_src":{"full":false,"thumbnail":false,"medium":false,"medium_large":false,"large":false,"1536x1536":false,"2048x2048":false,"ultp_layout_landscape_large":false,"ultp_layout_landscape":false,"ultp_layout_portrait":false,"ultp_layout_square":false},"uagb_author_info":{"display_name":"MCJ","author_link":"https:\/\/mc-jesenice.si\/?author=1"},"uagb_comment_info":0,"uagb_excerpt":"#najdogodki","_links":{"self":[{"href":"https:\/\/mc-jesenice.si\/index.php?rest_route=\/wp\/v2\/pages\/906","targetHints":{"allow":["GET"]}}],"collection":[{"href":"https:\/\/mc-jesenice.si\/index.php?rest_route=\/wp\/v2\/pages"}],"about":[{"href":"https:\/\/mc-jesenice.si\/index.php?rest_route=\/wp\/v2\/types\/page"}],"author":[{"embeddable":true,"href":"https:\/\/mc-jesenice.si\/index.php?rest_route=\/wp\/v2\/users\/1"}],"replies":[{"embeddable":true,"href":"https:\/\/mc-jesenice.si\/index.php?rest_route=%2Fwp%2Fv2%2Fcomments&post=906"}],"version-history":[{"count":82,"href":"https:\/\/mc-jesenice.si\/index.php?rest_route=\/wp\/v2\/pages\/906\/revisions"}],"predecessor-version":[{"id":2002,"href":"https:\/\/mc-jesenice.si\/index.php?rest_route=\/wp\/v2\/pages\/906\/revisions\/2002"}],"wp:attachment":[{"href":"https:\/\/mc-jesenice.si\/index.php?rest_route=%2Fwp%2Fv2%2Fmedia&parent=906"}],"curies":[{"name":"wp","href":"https:\/\/api.w.org\/{rel}","templated":true}]}}