{"id":1687,"date":"2024-09-06T08:01:52","date_gmt":"2024-09-06T07:01:52","guid":{"rendered":"https:\/\/mc-jesenice.si\/?page_id=1687"},"modified":"2024-09-06T08:01:52","modified_gmt":"2024-09-06T07:01:52","slug":"projekti","status":"publish","type":"page","link":"https:\/\/mc-jesenice.si\/?page_id=1687","title":{"rendered":"Projekti"},"content":{"rendered":"\n<div class=\"wp-block-uagb-container uag-blocks-common-selector uagb-block-35bb6b1c alignwide uagb-is-root-container\">\n<div class=\"wp-block-ultimate-post-post-grid-parent ultp-post-grid-parent\" data-postid=\"1687\" data-grids=\"[]\" data-pagi=\"[]\"><\/div>\n\n\n\n<div class=\"wp-block-ultimate-post-post-grid-parent ultp-post-grid-parent\" data-postid=\"1687\" data-grids=\"[]\" data-pagi=\"[]\"><\/div>\n\n\n<div  class=\"ultp-post-grid-block wp-block-ultimate-post-post-list-3 ultp-block-8996e0\"><div class=\"ultp-block-wrapper\"><div class=\"ultp-loading\"><div class=\"ultp-loading-blocks\" style=\"width:100%;height:100%;\"><div style=\"left: 0;top: 0;animation-delay:0s;\"><\/div><div style=\"left: 21px;top: 0;animation-delay:0.125s;\"><\/div><div style=\"left: 42px;top: 0;animation-delay:0.25s;\"><\/div><div style=\"left: 0;top: 21px;animation-delay:0.875s;\"><\/div><div style=\"left: 42px;top: 21px;animation-delay:0.375s;\"><\/div><div style=\"left: 0;top: 42px;animation-delay:0.75s;\"><\/div><div style=\"left: 42px;top: 42px;animation-delay:0.625s;\"><\/div><div style=\"left: 21px;top: 42px;animation-delay:0.5s;\"><\/div><\/div><\/div><div class=\"ultp-block-items-wrap ultp-block-row ultp-block-column-1 ultp-block-content-middle ultp-layout1\"><div class=\"ultp-block-item ultp-block-media post-id-1929\"><div class=\"ultp-block-content-wrap\"><div class=\"ultp-block-image ultp-block-image-opacity\"><a href=\"https:\/\/mc-jesenice.si\/?p=1929\" ><img decoding=\"async\"  alt=\"MEDGENERACIJSKO SODELOVANJE\"  src=\"https:\/\/mc-jesenice.si\/wp-content\/uploads\/2025\/11\/Medgeneracijsko-sodelovanje-dec25-600x600.png\" \/><\/a><\/div><div class=\"ultp-block-content\"><div class=\"ultp-category-grid ultp-category-classic ultp-category-aboveTitle\"><div class=\"ultp-category-in\"><a class=\"ultp-cat-naj_dogodki\" href=\"https:\/\/mc-jesenice.si\/?cat=6\"  >Naj dogodki<\/a><a class=\"ultp-cat-projekti\" href=\"https:\/\/mc-jesenice.si\/?cat=8\"  >Projekti<\/a><\/div><\/div><h3 class=\"ultp-block-title \"><a href=\"https:\/\/mc-jesenice.si\/?p=1929\" >MEDGENERACIJSKO SODELOVANJE<\/a><\/h3><div class=\"ultp-block-meta ultp-block-meta- ultp-block-meta-icon\"><span class=\"ultp-block-author\"><a class=\"\" href=\"https:\/\/mc-jesenice.si\/?author=2\">mc_jesenice<\/a><\/span><span class=\"ultp-block-date\">Nov 20, 2025<\/span><span class=\"ultp-post-read\">1 min read<\/span><\/div><div class=\"ultp-block-excerpt\"><p>V Mladinskem Centru Jesenice tudi letos nadaljujemo s projektom \u00bbMedgeneracijsko sodelovanje\u00ab, v okviru katerega \u017ee nekaj let povezujemo izku\u0161nje starej\u0161ih in ustvarjalno energijo mladih. K sodelovanju smo povabili Dru\u0161tvo upokojencev Javornik\u2013Koro\u0161ka Bela, sekcijo ro\u010dnih del, ter mlade iz na\u0161e skupnosti.&hellip;<\/p>\n<\/div><\/div><\/div><\/div><div class=\"ultp-block-item ultp-block-media post-id-1894\"><div class=\"ultp-block-content-wrap\"><div class=\"ultp-block-image ultp-block-image-opacity\"><a href=\"https:\/\/mc-jesenice.si\/?p=1894\" ><img decoding=\"async\"  alt=\"Likovna \u0161ola JSKD\"  src=\"https:\/\/mc-jesenice.si\/wp-content\/uploads\/2025\/09\/MCJ-LIKOVNA-SOLA-2025-2026-program-600x600.png\" \/><\/a><\/div><div class=\"ultp-block-content\"><div class=\"ultp-category-grid ultp-category-classic ultp-category-aboveTitle\"><div class=\"ultp-category-in\"><a class=\"ultp-cat-naj_dogodki\" href=\"https:\/\/mc-jesenice.si\/?cat=6\"  >Naj dogodki<\/a><a class=\"ultp-cat-projekti\" href=\"https:\/\/mc-jesenice.si\/?cat=8\"  >Projekti<\/a><\/div><\/div><h3 class=\"ultp-block-title \"><a href=\"https:\/\/mc-jesenice.si\/?p=1894\" >Likovna \u0161ola JSKD<\/a><\/h3><div class=\"ultp-block-meta ultp-block-meta- ultp-block-meta-icon\"><span class=\"ultp-block-author\"><a class=\"\" href=\"https:\/\/mc-jesenice.si\/?author=1\">MCJ<\/a><\/span><span class=\"ultp-block-date\">Sep 25, 2025<\/span><span class=\"ultp-post-read\">2 min read<\/span><\/div><div class=\"ultp-block-excerpt\"><p>Mladinski center Jesenice v sodelovanju z JSKD OI Jesenice v \u0161olskem letu 2025\/2026 vabi vse, ki radi likovno ustvarjate, k vpisu v Likovno \u0161olo JSKD, ki jo vodi akademska slikarka Agata Pavlovec. Program je primeren za otroke od 10. leta&hellip;<\/p>\n<\/div><\/div><\/div><\/div><div class=\"ultp-block-item ultp-block-media post-id-1879\"><div class=\"ultp-block-content-wrap\"><div class=\"ultp-block-image ultp-block-image-opacity\"><a href=\"https:\/\/mc-jesenice.si\/?p=1879\" ><img decoding=\"async\"  alt=\"U\u010denje diatoni\u010dne harmonike v MCJ\"  src=\"https:\/\/mc-jesenice.si\/wp-content\/uploads\/2025\/09\/UCENJE-DIATONICNE-HARMONIKE-V-MCJ-600x600.png\" \/><\/a><\/div><div class=\"ultp-block-content\"><div class=\"ultp-category-grid ultp-category-classic ultp-category-aboveTitle\"><div class=\"ultp-category-in\"><a class=\"ultp-cat-naj_dogodki\" href=\"https:\/\/mc-jesenice.si\/?cat=6\"  >Naj dogodki<\/a><a class=\"ultp-cat-projekti\" href=\"https:\/\/mc-jesenice.si\/?cat=8\"  >Projekti<\/a><\/div><\/div><h3 class=\"ultp-block-title \"><a href=\"https:\/\/mc-jesenice.si\/?p=1879\" >U\u010denje diatoni\u010dne harmonike v MCJ<\/a><\/h3><div class=\"ultp-block-meta ultp-block-meta- ultp-block-meta-icon\"><span class=\"ultp-block-author\"><a class=\"\" href=\"https:\/\/mc-jesenice.si\/?author=1\">MCJ<\/a><\/span><span class=\"ultp-block-date\">Sep 2, 2025<\/span><span class=\"ultp-post-read\">1 min read<\/span><\/div><div class=\"ultp-block-excerpt\"><p>\ud83e\ude97 Postani mojster harmonike! \ud83c\udfb6 Te mika, da bi raztegnil meh in zaigral kak\u0161no veselo vi\u017eo?MCJ odpira vrata u\u010denju diatoni\u010dne harmonike \u2013 za za\u010detnike in vse, ki bi radi nadgradili svoje znanje! \ud83c\udfb5 \ud83d\udccd Vsak ponedeljek in \u010detrtek\ud83d\udd52 Od 15.00&hellip;<\/p>\n<\/div><\/div><\/div><\/div><div class=\"ultp-block-item ultp-block-media post-id-1569\"><div class=\"ultp-block-content-wrap\"><div class=\"ultp-block-image ultp-block-image-opacity\"><a href=\"https:\/\/mc-jesenice.si\/?p=1569\" ><img decoding=\"async\"  alt=\"Dnevni klub MCJ\"  src=\"https:\/\/mc-jesenice.si\/wp-content\/uploads\/2024\/08\/Dnevni-Klub_-Warm-Sip-Activities-600x600.png\" \/><\/a><\/div><div class=\"ultp-block-content\"><div class=\"ultp-category-grid ultp-category-classic ultp-category-aboveTitle\"><div class=\"ultp-category-in\"><a class=\"ultp-cat-projekti\" href=\"https:\/\/mc-jesenice.si\/?cat=8\"  >Projekti<\/a><\/div><\/div><h3 class=\"ultp-block-title \"><a href=\"https:\/\/mc-jesenice.si\/?p=1569\" >Dnevni klub MCJ<\/a><\/h3><div class=\"ultp-block-meta ultp-block-meta- ultp-block-meta-icon\"><span class=\"ultp-block-author\"><a class=\"\" href=\"https:\/\/mc-jesenice.si\/?author=1\">MCJ<\/a><\/span><span class=\"ultp-block-date\">Avg 14, 2024<\/span><span class=\"ultp-post-read\">2 min read<\/span><\/div><div class=\"ultp-block-excerpt\"><p>Prostor za pogovor, ustvarjanje, sprostitev in podporo Te zanima varen in prijeten prostor, kjer lahko dela\u0161 na sebi, se dru\u017ei\u0161 z vrstniki, ustvarja\u0161, igra\u0161 dru\u017eabne igre ali preprosto malo odklopi\u0161? Vabimo te v Dnevni klub Mladinskega centra Jesenice, ki bo&hellip;<\/p>\n<\/div><\/div><\/div><\/div><div class=\"ultp-block-item ultp-block-media post-id-1565\"><div class=\"ultp-block-content-wrap\"><div class=\"ultp-block-image ultp-block-image-opacity\"><a href=\"https:\/\/mc-jesenice.si\/?p=1565\" ><img decoding=\"async\"  alt=\"Magic: The Gathering &#8211; PETEK &#038; SOBOTA\"  src=\"https:\/\/mc-jesenice.si\/wp-content\/uploads\/2024\/08\/Magic-the-Gathering-2025-600x600.png\" \/><\/a><\/div><div class=\"ultp-block-content\"><div class=\"ultp-category-grid ultp-category-classic ultp-category-aboveTitle\"><div class=\"ultp-category-in\"><a class=\"ultp-cat-projekti\" href=\"https:\/\/mc-jesenice.si\/?cat=8\"  >Projekti<\/a><\/div><\/div><h3 class=\"ultp-block-title \"><a href=\"https:\/\/mc-jesenice.si\/?p=1565\" >Magic: The Gathering &#8211; PETEK &#038; SOBOTA<\/a><\/h3><div class=\"ultp-block-meta ultp-block-meta- ultp-block-meta-icon\"><span class=\"ultp-block-author\"><a class=\"\" href=\"https:\/\/mc-jesenice.si\/?author=1\">MCJ<\/a><\/span><span class=\"ultp-block-date\">Avg 14, 2024<\/span><span class=\"ultp-post-read\">1 min read<\/span><\/div><div class=\"ultp-block-excerpt\"><p>\ud83c\udfb4 MAGIC: THE GATHERING @ MCJ\ud83d\udcc5 Vsak petek in soboto ob 17.00\ud83d\udccd Mladinski center Jesenice Pridru\u017ei se na\u0161i MTG ekipi v Mladinskem centru Jesenice!Vsak vikend preigravamo Magic the Gathering (format Commander in Modern), poleg tega pa tudi druge popularne igre&hellip;<\/p>\n<\/div><\/div><\/div><\/div><\/div><\/div><div class=\"pagination-block-html\" aria-hidden=\"true\" style=\"display: none;\"><\/div><\/div><\/div>\n\n\n\n<p><\/p>\n","protected":false},"excerpt":{"rendered":"","protected":false},"author":1,"featured_media":0,"parent":0,"menu_order":0,"comment_status":"closed","ping_status":"closed","template":"","meta":{"_uag_custom_page_level_css":"","site-sidebar-layout":"left-sidebar","site-content-layout":"plain-container","ast-site-content-layout":"normal-width-container","site-content-style":"unboxed","site-sidebar-style":"unboxed","ast-global-header-display":"","ast-banner-title-visibility":"","ast-main-header-display":"","ast-hfb-above-header-display":"","ast-hfb-below-header-display":"","ast-hfb-mobile-header-display":"","site-post-title":"disabled","ast-breadcrumbs-content":"","ast-featured-img":"","footer-sml-layout":"","ast-disable-related-posts":"","theme-transparent-header-meta":"enabled","adv-header-id-meta":"","stick-header-meta":"","header-above-stick-meta":"","header-main-stick-meta":"","header-below-stick-meta":"","astra-migrate-meta-layouts":"set","ast-page-background-enabled":"default","ast-page-background-meta":{"desktop":{"background-color":"","background-image":"","background-repeat":"repeat","background-position":"center center","background-size":"auto","background-attachment":"scroll","background-type":"","background-media":"","overlay-type":"","overlay-color":"","overlay-opacity":"","overlay-gradient":""},"tablet":{"background-color":"","background-image":"","background-repeat":"repeat","background-position":"center center","background-size":"auto","background-attachment":"scroll","background-type":"","background-media":"","overlay-type":"","overlay-color":"","overlay-opacity":"","overlay-gradient":""},"mobile":{"background-color":"","background-image":"","background-repeat":"repeat","background-position":"center center","background-size":"auto","background-attachment":"scroll","background-type":"","background-media":"","overlay-type":"","overlay-color":"","overlay-opacity":"","overlay-gradient":""}},"ast-content-background-meta":{"desktop":{"background-color":"var(--ast-global-color-4)","background-image":"","background-repeat":"repeat","background-position":"center center","background-size":"auto","background-attachment":"scroll","background-type":"","background-media":"","overlay-type":"","overlay-color":"","overlay-opacity":"","overlay-gradient":""},"tablet":{"background-color":"var(--ast-global-color-4)","background-image":"","background-repeat":"repeat","background-position":"center center","background-size":"auto","background-attachment":"scroll","background-type":"","background-media":"","overlay-type":"","overlay-color":"","overlay-opacity":"","overlay-gradient":""},"mobile":{"background-color":"var(--ast-global-color-4)","background-image":"","background-repeat":"repeat","background-position":"center center","background-size":"auto","background-attachment":"scroll","background-type":"","background-media":"","overlay-type":"","overlay-color":"","overlay-opacity":"","overlay-gradient":""}},"footnotes":""},"class_list":["post-1687","page","type-page","status-publish","hentry"],"uagb_featured_image_src":{"full":false,"thumbnail":false,"medium":false,"medium_large":false,"large":false,"1536x1536":false,"2048x2048":false,"ultp_layout_landscape_large":false,"ultp_layout_landscape":false,"ultp_layout_portrait":false,"ultp_layout_square":false},"uagb_author_info":{"display_name":"MCJ","author_link":"https:\/\/mc-jesenice.si\/?author=1"},"uagb_comment_info":0,"uagb_excerpt":null,"_links":{"self":[{"href":"https:\/\/mc-jesenice.si\/index.php?rest_route=\/wp\/v2\/pages\/1687","targetHints":{"allow":["GET"]}}],"collection":[{"href":"https:\/\/mc-jesenice.si\/index.php?rest_route=\/wp\/v2\/pages"}],"about":[{"href":"https:\/\/mc-jesenice.si\/index.php?rest_route=\/wp\/v2\/types\/page"}],"author":[{"embeddable":true,"href":"https:\/\/mc-jesenice.si\/index.php?rest_route=\/wp\/v2\/users\/1"}],"replies":[{"embeddable":true,"href":"https:\/\/mc-jesenice.si\/index.php?rest_route=%2Fwp%2Fv2%2Fcomments&post=1687"}],"version-history":[{"count":1,"href":"https:\/\/mc-jesenice.si\/index.php?rest_route=\/wp\/v2\/pages\/1687\/revisions"}],"predecessor-version":[{"id":1688,"href":"https:\/\/mc-jesenice.si\/index.php?rest_route=\/wp\/v2\/pages\/1687\/revisions\/1688"}],"wp:attachment":[{"href":"https:\/\/mc-jesenice.si\/index.php?rest_route=%2Fwp%2Fv2%2Fmedia&parent=1687"}],"curies":[{"name":"wp","href":"https:\/\/api.w.org\/{rel}","templated":true}]}}